{"id":211,"date":"2025-05-21T13:51:11","date_gmt":"2025-05-21T13:51:11","guid":{"rendered":"http:\/\/maltrak.pl\/?page_id=211"},"modified":"2025-05-26T10:07:30","modified_gmt":"2025-05-26T10:07:30","slug":"przedstawicielstwo-osmo","status":"publish","type":"page","link":"https:\/\/maltrak.pl\/?page_id=211","title":{"rendered":"Przedstawicielstwo OSMO"},"content":{"rendered":"\t\t<div data-elementor-type=\"wp-page\" data-elementor-id=\"211\" class=\"elementor elementor-211\">\n\t\t\t\t\t\t<section class=\"elementor-section elementor-top-section elementor-element elementor-element-40ccaae elementor-section-boxed elementor-section-height-default elementor-section-height-default\" data-id=\"40ccaae\" data-element_type=\"section\">\n\t\t\t\t\t\t<div class=\"elementor-container elementor-column-gap-default\">\n\t\t\t\t\t<div class=\"elementor-column elementor-col-100 elementor-top-column elementor-element elementor-element-3ccf190\" data-id=\"3ccf190\" data-element_type=\"column\">\n\t\t\t<div class=\"elementor-widget-wrap elementor-element-populated\">\n\t\t\t\t\t\t<div class=\"elementor-element elementor-element-bab0518 elementor-widget elementor-widget-heading\" data-id=\"bab0518\" data-element_type=\"widget\" data-widget_type=\"heading.default\">\n\t\t\t\t<div class=\"elementor-widget-container\">\n\t\t\t\t\t<h1 class=\"elementor-heading-title elementor-size-default\">Autoryzowany przedstawiciel OSMO<\/h1>\t\t\t\t<\/div>\n\t\t\t\t<\/div>\n\t\t\t\t\t<\/div>\n\t\t<\/div>\n\t\t\t\t\t<\/div>\n\t\t<\/section>\n\t\t\t\t<section class=\"elementor-section elementor-top-section elementor-element elementor-element-a77fee8 elementor-section-boxed elementor-section-height-default elementor-section-height-default\" data-id=\"a77fee8\" data-element_type=\"section\" data-settings=\"{&quot;background_background&quot;:&quot;classic&quot;}\">\n\t\t\t\t\t\t<div class=\"elementor-container elementor-column-gap-default\">\n\t\t\t\t\t<div class=\"elementor-column elementor-col-100 elementor-top-column elementor-element elementor-element-0a78d18\" data-id=\"0a78d18\" data-element_type=\"column\">\n\t\t\t<div class=\"elementor-widget-wrap elementor-element-populated\">\n\t\t\t\t\t\t<div class=\"elementor-element elementor-element-9fe6246 elementor-widget elementor-widget-image\" data-id=\"9fe6246\" data-element_type=\"widget\" data-widget_type=\"image.default\">\n\t\t\t\t<div class=\"elementor-widget-container\">\n\t\t\t\t\t\t\t\t\t\t\t\t\t\t\t<img decoding=\"async\" width=\"300\" height=\"155\" src=\"https:\/\/maltrak.pl\/wp-content\/uploads\/2025\/05\/osmo-logo-300x155.jpg\" class=\"attachment-medium size-medium wp-image-213\" alt=\"\" srcset=\"https:\/\/maltrak.pl\/wp-content\/uploads\/2025\/05\/osmo-logo-300x155.jpg 300w, https:\/\/maltrak.pl\/wp-content\/uploads\/2025\/05\/osmo-logo-768x396.jpg 768w, https:\/\/maltrak.pl\/wp-content\/uploads\/2025\/05\/osmo-logo.jpg 780w\" sizes=\"(max-width: 300px) 100vw, 300px\" \/>\t\t\t\t\t\t\t\t\t\t\t\t\t\t\t<\/div>\n\t\t\t\t<\/div>\n\t\t\t\t\t<\/div>\n\t\t<\/div>\n\t\t\t\t\t<\/div>\n\t\t<\/section>\n\t\t\t\t<section class=\"elementor-section elementor-top-section elementor-element elementor-element-d7f025e elementor-section-boxed elementor-section-height-default elementor-section-height-default\" data-id=\"d7f025e\" data-element_type=\"section\">\n\t\t\t\t\t\t<div class=\"elementor-container elementor-column-gap-default\">\n\t\t\t\t\t<div class=\"elementor-column elementor-col-33 elementor-top-column elementor-element elementor-element-29c3ed8\" data-id=\"29c3ed8\" data-element_type=\"column\">\n\t\t\t<div class=\"elementor-widget-wrap elementor-element-populated\">\n\t\t\t\t\t\t<div class=\"elementor-element elementor-element-cb52936 elementor-widget elementor-widget-text-editor\" data-id=\"cb52936\" data-element_type=\"widget\" data-widget_type=\"text-editor.default\">\n\t\t\t\t<div class=\"elementor-widget-container\">\n\t\t\t\t\t\t\t\t\t<div id=\"products-collapse\" class=\"collapse show\"><div class=\"col-12 col-lg-4 offer-segment-menu do-wewnatrz\"><p>Osmo producent materia\u0142\u00f3w do obr\u00f3bki i piel\u0119gnacji drewna<\/p><p><strong>Do wewn\u0105trz<\/strong><\/p><ul><li><p>Pod\u0142ogi<\/p><\/li><li><p>Meble<\/p><\/li><li><p>Blaty kuchenne i robocze<\/p><\/li><li><p>Schody<\/p><\/li><li><p>Okna<\/p><\/li><li><p>\u015aciany\/sufity<\/p><\/li><li><p>Oleje do \u0141azienki<\/p><\/li><li><p>Zabawki i meble dzieci\u0119ce<\/p><\/li><li><p>Czyszczenie i piel\u0119gnacja<\/p><\/li><\/ul><p><strong>Na zewn\u0105trz<br \/><\/strong><\/p><ul><li><p>Tarasy<\/p><\/li><li><p>Ekrany, p\u0142oty, pergole<\/p><\/li><li><p>Schody i obrze\u017ca basen\u00f3w<\/p><\/li><li><p>Meble ogrodowe<\/p><\/li><li><p>Fasady drewniane + altanki, wiaty gara\u017cowe<\/p><\/li><li><p>Wyst\u0119py dachowe, szczyty, balkony<\/p><\/li><li><p>Place zabaw, piaskownice<\/p><\/li><li><p>Czyszczenie i piel\u0119gnacja drewna<\/p><\/li><\/ul><\/div><h1 class=\"col-12 col-lg-4 offer-segment-menu akcesoria\">\u00a0<\/h1><\/div>\t\t\t\t\t\t\t\t<\/div>\n\t\t\t\t<\/div>\n\t\t\t\t\t<\/div>\n\t\t<\/div>\n\t\t\t\t<div class=\"elementor-column elementor-col-66 elementor-top-column elementor-element elementor-element-c971ea6\" data-id=\"c971ea6\" data-element_type=\"column\">\n\t\t\t<div class=\"elementor-widget-wrap elementor-element-populated\">\n\t\t\t\t\t\t<div class=\"elementor-element elementor-element-ecdbfe3 elementor-widget elementor-widget-image\" data-id=\"ecdbfe3\" data-element_type=\"widget\" data-widget_type=\"image.default\">\n\t\t\t\t<div class=\"elementor-widget-container\">\n\t\t\t\t\t\t\t\t\t\t\t\t\t\t\t<img fetchpriority=\"high\" decoding=\"async\" width=\"768\" height=\"1024\" src=\"https:\/\/maltrak.pl\/wp-content\/uploads\/2025\/05\/maltrak_osmo-768x1024.jpg\" class=\"attachment-large size-large wp-image-244\" alt=\"\" srcset=\"https:\/\/maltrak.pl\/wp-content\/uploads\/2025\/05\/maltrak_osmo-768x1024.jpg 768w, https:\/\/maltrak.pl\/wp-content\/uploads\/2025\/05\/maltrak_osmo-225x300.jpg 225w, https:\/\/maltrak.pl\/wp-content\/uploads\/2025\/05\/maltrak_osmo-1152x1536.jpg 1152w, https:\/\/maltrak.pl\/wp-content\/uploads\/2025\/05\/maltrak_osmo.jpg 1200w\" sizes=\"(max-width: 768px) 100vw, 768px\" \/>\t\t\t\t\t\t\t\t\t\t\t\t\t\t\t<\/div>\n\t\t\t\t<\/div>\n\t\t\t\t\t<\/div>\n\t\t<\/div>\n\t\t\t\t\t<\/div>\n\t\t<\/section>\n\t\t\t\t<\/div>\n\t\t","protected":false},"excerpt":{"rendered":"<p>Autoryzowany przedstawiciel OSMO Osmo producent materia\u0142\u00f3w do obr\u00f3bki i piel\u0119gnacji drewna Do wewn\u0105trz Pod\u0142ogi Meble Blaty kuchenne i robocze Schody Okna \u015aciany\/sufity Oleje do \u0141azienki Zabawki i meble dzieci\u0119ce Czyszczenie i piel\u0119gnacja Na zewn\u0105trz Tarasy Ekrany, p\u0142oty, pergole Schody i obrze\u017ca basen\u00f3w Meble ogrodowe Fasady drewniane + altanki, wiaty gara\u017cowe Wyst\u0119py dachowe, szczyty, balkony Place [&hellip;]<\/p>\n","protected":false},"author":1,"featured_media":0,"parent":0,"menu_order":0,"comment_status":"closed","ping_status":"closed","template":"","meta":{"footnotes":""},"class_list":["post-211","page","type-page","status-publish","hentry"],"_links":{"self":[{"href":"https:\/\/maltrak.pl\/index.php?rest_route=\/wp\/v2\/pages\/211","targetHints":{"allow":["GET"]}}],"collection":[{"href":"https:\/\/maltrak.pl\/index.php?rest_route=\/wp\/v2\/pages"}],"about":[{"href":"https:\/\/maltrak.pl\/index.php?rest_route=\/wp\/v2\/types\/page"}],"author":[{"embeddable":true,"href":"https:\/\/maltrak.pl\/index.php?rest_route=\/wp\/v2\/users\/1"}],"replies":[{"embeddable":true,"href":"https:\/\/maltrak.pl\/index.php?rest_route=%2Fwp%2Fv2%2Fcomments&post=211"}],"version-history":[{"count":19,"href":"https:\/\/maltrak.pl\/index.php?rest_route=\/wp\/v2\/pages\/211\/revisions"}],"predecessor-version":[{"id":256,"href":"https:\/\/maltrak.pl\/index.php?rest_route=\/wp\/v2\/pages\/211\/revisions\/256"}],"wp:attachment":[{"href":"https:\/\/maltrak.pl\/index.php?rest_route=%2Fwp%2Fv2%2Fmedia&parent=211"}],"curies":[{"name":"wp","href":"https:\/\/api.w.org\/{rel}","templated":true}]}}