{"id":33,"date":"2025-04-16T09:05:50","date_gmt":"2025-04-16T09:05:50","guid":{"rendered":"http:\/\/maltrak.pl\/?page_id=33"},"modified":"2025-04-16T09:07:08","modified_gmt":"2025-04-16T09:07:08","slug":"oferta","status":"publish","type":"page","link":"https:\/\/maltrak.pl\/?page_id=33","title":{"rendered":"oferta"},"content":{"rendered":"\t\t<div data-elementor-type=\"wp-page\" data-elementor-id=\"33\" class=\"elementor elementor-33\">\n\t\t\t\t\t\t<section class=\"elementor-section elementor-top-section elementor-element elementor-element-8e3a07c elementor-section-boxed elementor-section-height-default elementor-section-height-default\" data-id=\"8e3a07c\" data-element_type=\"section\">\n\t\t\t\t\t\t<div class=\"elementor-container elementor-column-gap-default\">\n\t\t\t\t\t<div class=\"elementor-column elementor-col-100 elementor-top-column elementor-element elementor-element-306bf37\" data-id=\"306bf37\" data-element_type=\"column\">\n\t\t\t<div class=\"elementor-widget-wrap elementor-element-populated\">\n\t\t\t\t\t\t<div class=\"elementor-element elementor-element-6c3dd3a elementor-widget elementor-widget-text-editor\" data-id=\"6c3dd3a\" data-element_type=\"widget\" data-widget_type=\"text-editor.default\">\n\t\t\t\t<div class=\"elementor-widget-container\">\n\t\t\t\t\t\t\t\t\t<p>Us\u0142ugi tartaczno-stolarskie to firma rodzinna istniej\u0105ca na rynku nieprzerwanie od 1998 roku. Od lat gwarantujemy niskie, konkurencyjne ceny, najlepsz\u0105 jako\u015b\u0107 oraz solidno\u015b\u0107 wykonania.<br \/>Zadowolenie naszych klient\u00f3w jest dla nas najwa\u017cniejsze.<\/p><p><br \/>W ofercie mamy:<br \/>-wi\u0119\u017aba dachowa<br \/>-wszystkie przekroje i rodzaje<br \/>-heblowane b\u0105d\u017a nieheblowane<br \/>-mo\u017cliwa impregnacja<br \/>-\u0142aty<br \/>-kontr\u0142aty<br \/>-sztachety<br \/>-proste<br \/>-p\u00f3\u0142okr\u0105g\u0142e<br \/>-sko\u015bne<br \/>-deska tarasowa<br \/>-modrzewiowa<br \/>-sosnowa<br \/>-\u015bwierkowa<br \/>-deska ryflowana modrzewiowa<br \/>-szal\u00f3wka<br \/>-boazeria<br \/>-p\u00f3\u0142bal<br \/>listwy przypod\u0142ogowe<br \/>-p\u0142yta OSB<br \/>-deska pod\u0142ogowa<br \/>-\u0107wier\u0107wa\u0142ki, p\u00f3\u0142wa\u0142ki, wyko\u0144czenia<\/p><p><br \/>oferujemy r\u00f3wnie\u017c meble sosnowe i d\u0119bowe<br \/>-wszyskie rodzaje mebli na wymiar<br \/>-drzwi<br \/>-schody<br \/>-okna<br \/>-\u0142\u00f3\u017cka<br \/>-krzes\u0142a<br \/>-parapety<br \/>-szafki<br \/>-zabudowy<br \/>-blaty<br \/>-altany<br \/>-tarasy<br \/>-altany<\/p><p>mo\u017cliwe r\u00f3wnie\u017c:<br \/>-pomiar<br \/>-projekt<br \/>-monta\u017c<br \/>-transport<\/p>\t\t\t\t\t\t\t\t<\/div>\n\t\t\t\t<\/div>\n\t\t\t\t\t<\/div>\n\t\t<\/div>\n\t\t\t\t\t<\/div>\n\t\t<\/section>\n\t\t\t\t<\/div>\n\t\t","protected":false},"excerpt":{"rendered":"<p>Us\u0142ugi tartaczno-stolarskie to firma rodzinna istniej\u0105ca na rynku nieprzerwanie od 1998 roku. Od lat gwarantujemy niskie, konkurencyjne ceny, najlepsz\u0105 jako\u015b\u0107 oraz solidno\u015b\u0107 wykonania.Zadowolenie naszych klient\u00f3w jest dla nas najwa\u017cniejsze. W ofercie mamy:-wi\u0119\u017aba dachowa-wszystkie przekroje i rodzaje-heblowane b\u0105d\u017a nieheblowane-mo\u017cliwa impregnacja-\u0142aty-kontr\u0142aty-sztachety-proste-p\u00f3\u0142okr\u0105g\u0142e-sko\u015bne-deska tarasowa-modrzewiowa-sosnowa-\u015bwierkowa-deska ryflowana modrzewiowa-szal\u00f3wka-boazeria-p\u00f3\u0142ballistwy przypod\u0142ogowe-p\u0142yta OSB-deska pod\u0142ogowa-\u0107wier\u0107wa\u0142ki, p\u00f3\u0142wa\u0142ki, wyko\u0144czenia oferujemy r\u00f3wnie\u017c meble sosnowe i d\u0119bowe-wszyskie rodzaje mebli [&hellip;]<\/p>\n","protected":false},"author":1,"featured_media":0,"parent":0,"menu_order":0,"comment_status":"closed","ping_status":"closed","template":"","meta":{"footnotes":""},"class_list":["post-33","page","type-page","status-publish","hentry"],"_links":{"self":[{"href":"https:\/\/maltrak.pl\/index.php?rest_route=\/wp\/v2\/pages\/33","targetHints":{"allow":["GET"]}}],"collection":[{"href":"https:\/\/maltrak.pl\/index.php?rest_route=\/wp\/v2\/pages"}],"about":[{"href":"https:\/\/maltrak.pl\/index.php?rest_route=\/wp\/v2\/types\/page"}],"author":[{"embeddable":true,"href":"https:\/\/maltrak.pl\/index.php?rest_route=\/wp\/v2\/users\/1"}],"replies":[{"embeddable":true,"href":"https:\/\/maltrak.pl\/index.php?rest_route=%2Fwp%2Fv2%2Fcomments&post=33"}],"version-history":[{"count":4,"href":"https:\/\/maltrak.pl\/index.php?rest_route=\/wp\/v2\/pages\/33\/revisions"}],"predecessor-version":[{"id":37,"href":"https:\/\/maltrak.pl\/index.php?rest_route=\/wp\/v2\/pages\/33\/revisions\/37"}],"wp:attachment":[{"href":"https:\/\/maltrak.pl\/index.php?rest_route=%2Fwp%2Fv2%2Fmedia&parent=33"}],"curies":[{"name":"wp","href":"https:\/\/api.w.org\/{rel}","templated":true}]}}