{"id":75,"date":"2025-04-16T09:31:48","date_gmt":"2025-04-16T09:31:48","guid":{"rendered":"http:\/\/maltrak.pl\/?page_id=75"},"modified":"2025-05-26T10:09:41","modified_gmt":"2025-05-26T10:09:41","slug":"sklep-z-artykulami-do-montazu","status":"publish","type":"page","link":"https:\/\/maltrak.pl\/?page_id=75","title":{"rendered":"sklep z artyku\u0142ami do monta\u017cu"},"content":{"rendered":"\t\t<div data-elementor-type=\"wp-page\" data-elementor-id=\"75\" class=\"elementor elementor-75\">\n\t\t\t\t\t\t<section class=\"elementor-section elementor-top-section elementor-element elementor-element-d4ba662 elementor-section-boxed elementor-section-height-default elementor-section-height-default\" data-id=\"d4ba662\" data-element_type=\"section\">\n\t\t\t\t\t\t<div class=\"elementor-container elementor-column-gap-default\">\n\t\t\t\t\t<div class=\"elementor-column elementor-col-100 elementor-top-column elementor-element elementor-element-171a3db\" data-id=\"171a3db\" data-element_type=\"column\">\n\t\t\t<div class=\"elementor-widget-wrap elementor-element-populated\">\n\t\t\t\t\t\t<div class=\"elementor-element elementor-element-0a2e239 elementor-widget elementor-widget-text-editor\" data-id=\"0a2e239\" data-element_type=\"widget\" data-widget_type=\"text-editor.default\">\n\t\t\t\t<div class=\"elementor-widget-container\">\n\t\t\t\t\t\t\t\t\t<p>W swojej ofercie posiadamy bogaty asortyment :<br \/>wkr\u0119ty, gwo\u017cdzie, lakiery do drewna, ko\u0142kim \u015bruby, wiert\u0142a, chemi\u0119 budowalan\u0105, cment, styropian, we\u0142ne ocieplan\u0105, karton gips, narz\u0119dzia, z\u0142\u0105cza ciesielskie oraz inne techniki mocowa\u0144.<\/p>\t\t\t\t\t\t\t\t<\/div>\n\t\t\t\t<\/div>\n\t\t\t\t\t<\/div>\n\t\t<\/div>\n\t\t\t\t\t<\/div>\n\t\t<\/section>\n\t\t\t\t<section class=\"elementor-section elementor-top-section elementor-element elementor-element-8ec13d2 elementor-section-boxed elementor-section-height-default elementor-section-height-default\" data-id=\"8ec13d2\" data-element_type=\"section\">\n\t\t\t\t\t\t<div class=\"elementor-container elementor-column-gap-default\">\n\t\t\t\t\t<div class=\"elementor-column elementor-col-50 elementor-top-column elementor-element elementor-element-1924773\" data-id=\"1924773\" data-element_type=\"column\">\n\t\t\t<div class=\"elementor-widget-wrap elementor-element-populated\">\n\t\t\t\t\t\t<div class=\"elementor-element elementor-element-f89357c elementor-widget elementor-widget-image\" data-id=\"f89357c\" data-element_type=\"widget\" data-widget_type=\"image.default\">\n\t\t\t\t<div class=\"elementor-widget-container\">\n\t\t\t\t\t\t\t\t\t\t\t\t\t\t\t<img fetchpriority=\"high\" decoding=\"async\" width=\"800\" height=\"602\" src=\"https:\/\/maltrak.pl\/wp-content\/uploads\/2025\/04\/17447955346572-1024x771.jpg\" class=\"attachment-large size-large wp-image-95\" alt=\"\" srcset=\"https:\/\/maltrak.pl\/wp-content\/uploads\/2025\/04\/17447955346572-1024x771.jpg 1024w, https:\/\/maltrak.pl\/wp-content\/uploads\/2025\/04\/17447955346572-300x226.jpg 300w, https:\/\/maltrak.pl\/wp-content\/uploads\/2025\/04\/17447955346572-768x578.jpg 768w, https:\/\/maltrak.pl\/wp-content\/uploads\/2025\/04\/17447955346572.jpg 1100w\" sizes=\"(max-width: 800px) 100vw, 800px\" \/>\t\t\t\t\t\t\t\t\t\t\t\t\t\t\t<\/div>\n\t\t\t\t<\/div>\n\t\t\t\t\t<\/div>\n\t\t<\/div>\n\t\t\t\t<div class=\"elementor-column elementor-col-50 elementor-top-column elementor-element elementor-element-24e1b36\" data-id=\"24e1b36\" data-element_type=\"column\">\n\t\t\t<div class=\"elementor-widget-wrap elementor-element-populated\">\n\t\t\t\t\t\t<div class=\"elementor-element elementor-element-a6d47c8 elementor-widget elementor-widget-image\" data-id=\"a6d47c8\" data-element_type=\"widget\" data-widget_type=\"image.default\">\n\t\t\t\t<div class=\"elementor-widget-container\">\n\t\t\t\t\t\t\t\t\t\t\t\t\t\t\t<img decoding=\"async\" width=\"800\" height=\"602\" src=\"https:\/\/maltrak.pl\/wp-content\/uploads\/2025\/04\/17447955346472-1024x771.jpg\" class=\"attachment-large size-large wp-image-94\" alt=\"\" srcset=\"https:\/\/maltrak.pl\/wp-content\/uploads\/2025\/04\/17447955346472-1024x771.jpg 1024w, https:\/\/maltrak.pl\/wp-content\/uploads\/2025\/04\/17447955346472-300x226.jpg 300w, https:\/\/maltrak.pl\/wp-content\/uploads\/2025\/04\/17447955346472-768x578.jpg 768w, https:\/\/maltrak.pl\/wp-content\/uploads\/2025\/04\/17447955346472.jpg 1100w\" sizes=\"(max-width: 800px) 100vw, 800px\" \/>\t\t\t\t\t\t\t\t\t\t\t\t\t\t\t<\/div>\n\t\t\t\t<\/div>\n\t\t\t\t\t<\/div>\n\t\t<\/div>\n\t\t\t\t\t<\/div>\n\t\t<\/section>\n\t\t\t\t<section class=\"elementor-section elementor-top-section elementor-element elementor-element-c1dd791 elementor-section-boxed elementor-section-height-default elementor-section-height-default\" data-id=\"c1dd791\" data-element_type=\"section\">\n\t\t\t\t\t\t<div class=\"elementor-container elementor-column-gap-default\">\n\t\t\t\t\t<div class=\"elementor-column elementor-col-50 elementor-top-column elementor-element elementor-element-8e732d4\" data-id=\"8e732d4\" data-element_type=\"column\">\n\t\t\t<div class=\"elementor-widget-wrap elementor-element-populated\">\n\t\t\t\t\t\t<div class=\"elementor-element elementor-element-d6d4dd3 elementor-widget elementor-widget-image\" data-id=\"d6d4dd3\" data-element_type=\"widget\" data-widget_type=\"image.default\">\n\t\t\t\t<div class=\"elementor-widget-container\">\n\t\t\t\t\t\t\t\t\t\t\t\t\t\t\t<img decoding=\"async\" width=\"800\" height=\"602\" src=\"https:\/\/maltrak.pl\/wp-content\/uploads\/2025\/04\/17447955346382-1024x771.jpg\" class=\"attachment-large size-large wp-image-93\" alt=\"\" srcset=\"https:\/\/maltrak.pl\/wp-content\/uploads\/2025\/04\/17447955346382-1024x771.jpg 1024w, https:\/\/maltrak.pl\/wp-content\/uploads\/2025\/04\/17447955346382-300x226.jpg 300w, https:\/\/maltrak.pl\/wp-content\/uploads\/2025\/04\/17447955346382-768x578.jpg 768w, https:\/\/maltrak.pl\/wp-content\/uploads\/2025\/04\/17447955346382.jpg 1100w\" sizes=\"(max-width: 800px) 100vw, 800px\" \/>\t\t\t\t\t\t\t\t\t\t\t\t\t\t\t<\/div>\n\t\t\t\t<\/div>\n\t\t\t\t\t<\/div>\n\t\t<\/div>\n\t\t\t\t<div class=\"elementor-column elementor-col-50 elementor-top-column elementor-element elementor-element-c017f13\" data-id=\"c017f13\" data-element_type=\"column\">\n\t\t\t<div class=\"elementor-widget-wrap elementor-element-populated\">\n\t\t\t\t\t\t<div class=\"elementor-element elementor-element-32484e4 elementor-widget elementor-widget-image\" data-id=\"32484e4\" data-element_type=\"widget\" data-widget_type=\"image.default\">\n\t\t\t\t<div class=\"elementor-widget-container\">\n\t\t\t\t\t\t\t\t\t\t\t\t\t\t\t<img loading=\"lazy\" decoding=\"async\" width=\"800\" height=\"602\" src=\"https:\/\/maltrak.pl\/wp-content\/uploads\/2025\/04\/17447955346272-1024x771.jpg\" class=\"attachment-large size-large wp-image-92\" alt=\"\" srcset=\"https:\/\/maltrak.pl\/wp-content\/uploads\/2025\/04\/17447955346272-1024x771.jpg 1024w, https:\/\/maltrak.pl\/wp-content\/uploads\/2025\/04\/17447955346272-300x226.jpg 300w, https:\/\/maltrak.pl\/wp-content\/uploads\/2025\/04\/17447955346272-768x578.jpg 768w, https:\/\/maltrak.pl\/wp-content\/uploads\/2025\/04\/17447955346272.jpg 1100w\" sizes=\"(max-width: 800px) 100vw, 800px\" \/>\t\t\t\t\t\t\t\t\t\t\t\t\t\t\t<\/div>\n\t\t\t\t<\/div>\n\t\t\t\t\t<\/div>\n\t\t<\/div>\n\t\t\t\t\t<\/div>\n\t\t<\/section>\n\t\t\t\t<section class=\"elementor-section elementor-top-section elementor-element elementor-element-d807373 elementor-section-boxed elementor-section-height-default elementor-section-height-default\" data-id=\"d807373\" data-element_type=\"section\">\n\t\t\t\t\t\t<div class=\"elementor-container elementor-column-gap-default\">\n\t\t\t\t\t<div class=\"elementor-column elementor-col-50 elementor-top-column elementor-element elementor-element-14de064\" data-id=\"14de064\" data-element_type=\"column\">\n\t\t\t<div class=\"elementor-widget-wrap elementor-element-populated\">\n\t\t\t\t\t\t<div class=\"elementor-element elementor-element-3af4d1e elementor-widget elementor-widget-image\" data-id=\"3af4d1e\" data-element_type=\"widget\" data-widget_type=\"image.default\">\n\t\t\t\t<div class=\"elementor-widget-container\">\n\t\t\t\t\t\t\t\t\t\t\t\t\t\t\t<img loading=\"lazy\" decoding=\"async\" width=\"800\" height=\"602\" src=\"https:\/\/maltrak.pl\/wp-content\/uploads\/2025\/04\/17447955346162-1024x771.jpg\" class=\"attachment-large size-large wp-image-91\" alt=\"\" srcset=\"https:\/\/maltrak.pl\/wp-content\/uploads\/2025\/04\/17447955346162-1024x771.jpg 1024w, https:\/\/maltrak.pl\/wp-content\/uploads\/2025\/04\/17447955346162-300x226.jpg 300w, https:\/\/maltrak.pl\/wp-content\/uploads\/2025\/04\/17447955346162-768x578.jpg 768w, https:\/\/maltrak.pl\/wp-content\/uploads\/2025\/04\/17447955346162.jpg 1100w\" sizes=\"(max-width: 800px) 100vw, 800px\" \/>\t\t\t\t\t\t\t\t\t\t\t\t\t\t\t<\/div>\n\t\t\t\t<\/div>\n\t\t\t\t\t<\/div>\n\t\t<\/div>\n\t\t\t\t<div class=\"elementor-column elementor-col-50 elementor-top-column elementor-element elementor-element-bc7db32\" data-id=\"bc7db32\" data-element_type=\"column\">\n\t\t\t<div class=\"elementor-widget-wrap elementor-element-populated\">\n\t\t\t\t\t\t<div class=\"elementor-element elementor-element-b89d4a7 elementor-widget elementor-widget-image\" data-id=\"b89d4a7\" data-element_type=\"widget\" data-widget_type=\"image.default\">\n\t\t\t\t<div class=\"elementor-widget-container\">\n\t\t\t\t\t\t\t\t\t\t\t\t\t\t\t<img loading=\"lazy\" decoding=\"async\" width=\"800\" height=\"602\" src=\"https:\/\/maltrak.pl\/wp-content\/uploads\/2025\/04\/17447955345982-1024x771.jpg\" class=\"attachment-large size-large wp-image-90\" alt=\"\" srcset=\"https:\/\/maltrak.pl\/wp-content\/uploads\/2025\/04\/17447955345982-1024x771.jpg 1024w, https:\/\/maltrak.pl\/wp-content\/uploads\/2025\/04\/17447955345982-300x226.jpg 300w, https:\/\/maltrak.pl\/wp-content\/uploads\/2025\/04\/17447955345982-768x578.jpg 768w, https:\/\/maltrak.pl\/wp-content\/uploads\/2025\/04\/17447955345982.jpg 1100w\" sizes=\"(max-width: 800px) 100vw, 800px\" \/>\t\t\t\t\t\t\t\t\t\t\t\t\t\t\t<\/div>\n\t\t\t\t<\/div>\n\t\t\t\t\t<\/div>\n\t\t<\/div>\n\t\t\t\t\t<\/div>\n\t\t<\/section>\n\t\t\t\t<section class=\"elementor-section elementor-top-section elementor-element elementor-element-a400b11 elementor-section-boxed elementor-section-height-default elementor-section-height-default\" data-id=\"a400b11\" data-element_type=\"section\">\n\t\t\t\t\t\t<div class=\"elementor-container elementor-column-gap-default\">\n\t\t\t\t\t<div class=\"elementor-column elementor-col-50 elementor-top-column elementor-element elementor-element-32dd4ae\" data-id=\"32dd4ae\" data-element_type=\"column\">\n\t\t\t<div class=\"elementor-widget-wrap elementor-element-populated\">\n\t\t\t\t\t\t<div class=\"elementor-element elementor-element-96ea3c0 elementor-widget elementor-widget-image\" data-id=\"96ea3c0\" data-element_type=\"widget\" data-widget_type=\"image.default\">\n\t\t\t\t<div class=\"elementor-widget-container\">\n\t\t\t\t\t\t\t\t\t\t\t\t\t\t\t<img loading=\"lazy\" decoding=\"async\" width=\"800\" height=\"602\" src=\"https:\/\/maltrak.pl\/wp-content\/uploads\/2025\/04\/17447955345872-1024x771.jpg\" class=\"attachment-large size-large wp-image-89\" alt=\"\" srcset=\"https:\/\/maltrak.pl\/wp-content\/uploads\/2025\/04\/17447955345872-1024x771.jpg 1024w, https:\/\/maltrak.pl\/wp-content\/uploads\/2025\/04\/17447955345872-300x226.jpg 300w, https:\/\/maltrak.pl\/wp-content\/uploads\/2025\/04\/17447955345872-768x578.jpg 768w, https:\/\/maltrak.pl\/wp-content\/uploads\/2025\/04\/17447955345872.jpg 1100w\" sizes=\"(max-width: 800px) 100vw, 800px\" \/>\t\t\t\t\t\t\t\t\t\t\t\t\t\t\t<\/div>\n\t\t\t\t<\/div>\n\t\t\t\t\t<\/div>\n\t\t<\/div>\n\t\t\t\t<div class=\"elementor-column elementor-col-50 elementor-top-column elementor-element elementor-element-ce0d3ed\" data-id=\"ce0d3ed\" data-element_type=\"column\">\n\t\t\t<div class=\"elementor-widget-wrap elementor-element-populated\">\n\t\t\t\t\t\t<div class=\"elementor-element elementor-element-33317ad elementor-widget elementor-widget-image\" data-id=\"33317ad\" data-element_type=\"widget\" data-widget_type=\"image.default\">\n\t\t\t\t<div class=\"elementor-widget-container\">\n\t\t\t\t\t\t\t\t\t\t\t\t\t\t\t<img loading=\"lazy\" decoding=\"async\" width=\"771\" height=\"1024\" src=\"https:\/\/maltrak.pl\/wp-content\/uploads\/2025\/04\/17447955345782-771x1024.jpg\" class=\"attachment-large size-large wp-image-88\" alt=\"\" srcset=\"https:\/\/maltrak.pl\/wp-content\/uploads\/2025\/04\/17447955345782-771x1024.jpg 771w, https:\/\/maltrak.pl\/wp-content\/uploads\/2025\/04\/17447955345782-226x300.jpg 226w, https:\/\/maltrak.pl\/wp-content\/uploads\/2025\/04\/17447955345782-768x1020.jpg 768w, https:\/\/maltrak.pl\/wp-content\/uploads\/2025\/04\/17447955345782.jpg 1100w\" sizes=\"(max-width: 771px) 100vw, 771px\" \/>\t\t\t\t\t\t\t\t\t\t\t\t\t\t\t<\/div>\n\t\t\t\t<\/div>\n\t\t\t\t\t<\/div>\n\t\t<\/div>\n\t\t\t\t\t<\/div>\n\t\t<\/section>\n\t\t\t\t<section class=\"elementor-section elementor-top-section elementor-element elementor-element-fd5ce8c elementor-section-boxed elementor-section-height-default elementor-section-height-default\" data-id=\"fd5ce8c\" data-element_type=\"section\">\n\t\t\t\t\t\t<div class=\"elementor-container elementor-column-gap-default\">\n\t\t\t\t\t<div class=\"elementor-column elementor-col-50 elementor-top-column elementor-element elementor-element-712cc6d\" data-id=\"712cc6d\" data-element_type=\"column\">\n\t\t\t<div class=\"elementor-widget-wrap elementor-element-populated\">\n\t\t\t\t\t\t<div class=\"elementor-element elementor-element-fa55746 elementor-widget elementor-widget-image\" data-id=\"fa55746\" data-element_type=\"widget\" data-widget_type=\"image.default\">\n\t\t\t\t<div class=\"elementor-widget-container\">\n\t\t\t\t\t\t\t\t\t\t\t\t\t\t\t<img loading=\"lazy\" decoding=\"async\" width=\"768\" height=\"1024\" src=\"https:\/\/maltrak.pl\/wp-content\/uploads\/2025\/05\/maltrak_sklep2-768x1024.jpg\" class=\"attachment-large size-large wp-image-257\" alt=\"\" srcset=\"https:\/\/maltrak.pl\/wp-content\/uploads\/2025\/05\/maltrak_sklep2-768x1024.jpg 768w, https:\/\/maltrak.pl\/wp-content\/uploads\/2025\/05\/maltrak_sklep2-225x300.jpg 225w, https:\/\/maltrak.pl\/wp-content\/uploads\/2025\/05\/maltrak_sklep2-1152x1536.jpg 1152w, https:\/\/maltrak.pl\/wp-content\/uploads\/2025\/05\/maltrak_sklep2.jpg 1200w\" sizes=\"(max-width: 768px) 100vw, 768px\" \/>\t\t\t\t\t\t\t\t\t\t\t\t\t\t\t<\/div>\n\t\t\t\t<\/div>\n\t\t\t\t\t<\/div>\n\t\t<\/div>\n\t\t\t\t<div class=\"elementor-column elementor-col-50 elementor-top-column elementor-element elementor-element-b8b7d26\" data-id=\"b8b7d26\" data-element_type=\"column\">\n\t\t\t<div class=\"elementor-widget-wrap elementor-element-populated\">\n\t\t\t\t\t\t<div class=\"elementor-element elementor-element-a9d647d elementor-widget elementor-widget-image\" data-id=\"a9d647d\" data-element_type=\"widget\" data-widget_type=\"image.default\">\n\t\t\t\t<div class=\"elementor-widget-container\">\n\t\t\t\t\t\t\t\t\t\t\t\t\t\t\t<img loading=\"lazy\" decoding=\"async\" width=\"768\" height=\"1024\" src=\"https:\/\/maltrak.pl\/wp-content\/uploads\/2025\/05\/maltrak_sklep1-768x1024.jpg\" class=\"attachment-large size-large wp-image-258\" alt=\"\" srcset=\"https:\/\/maltrak.pl\/wp-content\/uploads\/2025\/05\/maltrak_sklep1-768x1024.jpg 768w, https:\/\/maltrak.pl\/wp-content\/uploads\/2025\/05\/maltrak_sklep1-225x300.jpg 225w, https:\/\/maltrak.pl\/wp-content\/uploads\/2025\/05\/maltrak_sklep1-1152x1536.jpg 1152w, https:\/\/maltrak.pl\/wp-content\/uploads\/2025\/05\/maltrak_sklep1.jpg 1200w\" sizes=\"(max-width: 768px) 100vw, 768px\" \/>\t\t\t\t\t\t\t\t\t\t\t\t\t\t\t<\/div>\n\t\t\t\t<\/div>\n\t\t\t\t\t<\/div>\n\t\t<\/div>\n\t\t\t\t\t<\/div>\n\t\t<\/section>\n\t\t\t\t<section class=\"elementor-section elementor-top-section elementor-element elementor-element-b4f13ee elementor-section-boxed elementor-section-height-default elementor-section-height-default\" data-id=\"b4f13ee\" data-element_type=\"section\">\n\t\t\t\t\t\t<div class=\"elementor-container elementor-column-gap-default\">\n\t\t\t\t\t<div class=\"elementor-column elementor-col-50 elementor-top-column elementor-element elementor-element-ceae75b\" data-id=\"ceae75b\" data-element_type=\"column\">\n\t\t\t<div class=\"elementor-widget-wrap elementor-element-populated\">\n\t\t\t\t\t\t<div class=\"elementor-element elementor-element-50e5825 elementor-widget elementor-widget-image\" data-id=\"50e5825\" data-element_type=\"widget\" data-widget_type=\"image.default\">\n\t\t\t\t<div class=\"elementor-widget-container\">\n\t\t\t\t\t\t\t\t\t\t\t\t\t\t\t<img loading=\"lazy\" decoding=\"async\" width=\"800\" height=\"602\" src=\"https:\/\/maltrak.pl\/wp-content\/uploads\/2025\/04\/17447955344702-1024x771.jpg\" class=\"attachment-large size-large wp-image-81\" alt=\"\" srcset=\"https:\/\/maltrak.pl\/wp-content\/uploads\/2025\/04\/17447955344702-1024x771.jpg 1024w, https:\/\/maltrak.pl\/wp-content\/uploads\/2025\/04\/17447955344702-300x226.jpg 300w, https:\/\/maltrak.pl\/wp-content\/uploads\/2025\/04\/17447955344702-768x578.jpg 768w, https:\/\/maltrak.pl\/wp-content\/uploads\/2025\/04\/17447955344702.jpg 1100w\" sizes=\"(max-width: 800px) 100vw, 800px\" \/>\t\t\t\t\t\t\t\t\t\t\t\t\t\t\t<\/div>\n\t\t\t\t<\/div>\n\t\t\t\t\t<\/div>\n\t\t<\/div>\n\t\t\t\t<div class=\"elementor-column elementor-col-50 elementor-top-column elementor-element elementor-element-cc79daa\" data-id=\"cc79daa\" data-element_type=\"column\">\n\t\t\t<div class=\"elementor-widget-wrap elementor-element-populated\">\n\t\t\t\t\t\t<div class=\"elementor-element elementor-element-c55218b elementor-widget elementor-widget-image\" data-id=\"c55218b\" data-element_type=\"widget\" data-widget_type=\"image.default\">\n\t\t\t\t<div class=\"elementor-widget-container\">\n\t\t\t\t\t\t\t\t\t\t\t\t\t\t\t<img loading=\"lazy\" decoding=\"async\" width=\"800\" height=\"602\" src=\"https:\/\/maltrak.pl\/wp-content\/uploads\/2025\/04\/17447955344552-1024x771.jpg\" class=\"attachment-large size-large wp-image-80\" alt=\"\" srcset=\"https:\/\/maltrak.pl\/wp-content\/uploads\/2025\/04\/17447955344552-1024x771.jpg 1024w, https:\/\/maltrak.pl\/wp-content\/uploads\/2025\/04\/17447955344552-300x226.jpg 300w, https:\/\/maltrak.pl\/wp-content\/uploads\/2025\/04\/17447955344552-768x578.jpg 768w, https:\/\/maltrak.pl\/wp-content\/uploads\/2025\/04\/17447955344552.jpg 1100w\" sizes=\"(max-width: 800px) 100vw, 800px\" \/>\t\t\t\t\t\t\t\t\t\t\t\t\t\t\t<\/div>\n\t\t\t\t<\/div>\n\t\t\t\t\t<\/div>\n\t\t<\/div>\n\t\t\t\t\t<\/div>\n\t\t<\/section>\n\t\t\t\t<\/div>\n\t\t","protected":false},"excerpt":{"rendered":"<p>W swojej ofercie posiadamy bogaty asortyment :wkr\u0119ty, gwo\u017cdzie, lakiery do drewna, ko\u0142kim \u015bruby, wiert\u0142a, chemi\u0119 budowalan\u0105, cment, styropian, we\u0142ne ocieplan\u0105, karton gips, narz\u0119dzia, z\u0142\u0105cza ciesielskie oraz inne techniki mocowa\u0144.<\/p>\n","protected":false},"author":1,"featured_media":0,"parent":0,"menu_order":0,"comment_status":"closed","ping_status":"closed","template":"","meta":{"footnotes":""},"class_list":["post-75","page","type-page","status-publish","hentry"],"_links":{"self":[{"href":"https:\/\/maltrak.pl\/index.php?rest_route=\/wp\/v2\/pages\/75","targetHints":{"allow":["GET"]}}],"collection":[{"href":"https:\/\/maltrak.pl\/index.php?rest_route=\/wp\/v2\/pages"}],"about":[{"href":"https:\/\/maltrak.pl\/index.php?rest_route=\/wp\/v2\/types\/page"}],"author":[{"embeddable":true,"href":"https:\/\/maltrak.pl\/index.php?rest_route=\/wp\/v2\/users\/1"}],"replies":[{"embeddable":true,"href":"https:\/\/maltrak.pl\/index.php?rest_route=%2Fwp%2Fv2%2Fcomments&post=75"}],"version-history":[{"count":7,"href":"https:\/\/maltrak.pl\/index.php?rest_route=\/wp\/v2\/pages\/75\/revisions"}],"predecessor-version":[{"id":261,"href":"https:\/\/maltrak.pl\/index.php?rest_route=\/wp\/v2\/pages\/75\/revisions\/261"}],"wp:attachment":[{"href":"https:\/\/maltrak.pl\/index.php?rest_route=%2Fwp%2Fv2%2Fmedia&parent=75"}],"curies":[{"name":"wp","href":"https:\/\/api.w.org\/{rel}","templated":true}]}}